{"id":3206,"date":"2018-02-07T06:20:33","date_gmt":"2018-02-07T06:20:33","guid":{"rendered":"https:\/\/bagdad.edtproductions.ca\/?page_id=3206"},"modified":"2022-02-10T16:11:18","modified_gmt":"2022-02-10T16:11:18","slug":"career","status":"publish","type":"page","link":"https:\/\/gestionroyal.com\/en\/career\/","title":{"rendered":"Career"},"content":{"rendered":"<div class=\"wpb-content-wrapper\"><p>[vc_row][vc_column][vc_tta_accordion][vc_tta_section title=&#8221;Secr\u00e9taire&#8221; tab_id=&#8221;1517984963354-ad4c5a77-9722&#8243;][vc_column_text]<b>Description du Poste:<\/b><b><\/b>\u00a0<strong>Lieu de travail\u00a0<\/strong>: 4485 Saint-Denis, Montr\u00e9al, QC\u00a0<strong>Nombre de poste(s) \u00e0 combler\u00a0<\/strong>: 1\u00a0<strong>Date d\u2019entr\u00e9e en fonction\u00a0<\/strong>: D\u00e8s que possible\u00a0<strong>Statut de l\u2019emploi\u00a0<\/strong>: Permanent\u00a0<strong>Horaire de travail\u00a0<\/strong>: Temps plein\u00a0<strong>Quart de travail\u00a0<\/strong>: Jour\u00a0<strong>Salaire :\u00a0<\/strong>A discuter<b><\/b>\u00a0<b>Vos Responsabilit\u00e9s :<\/b><\/p>\n<ul>\n<li>T\u00e2ches administratives pour 3 compagnies (l\u2019\u00e9quipe\u00a0de gestion immobili\u00e8re, \u00a0de courtage ainsi que les clients du centre d\u2019affaires<\/li>\n<li>R\u00e9daction,\u00a0traduction, v\u00e9rification et mise en page de document, gestion de la\u00a0correspondance courante, analyser et r\u00e9sumer par \u00e9crit ou verbalement des\u00a0documents, tenir \u00e0 jour les \u00e9ch\u00e9anciers, coordonner les agendas, classement,\u00a0photocopies, fax, etc.<\/li>\n<li>Recevoir \/ transmettre les messages et acheminer les\u00a0appels t\u00e9l\u00e9phoniques.<\/li>\n<li>Suivi\u00a0des dossiers clients et service \u00e0 la client\u00e8le<\/li>\n<li>\u00c9laborer\u00a0les descriptifs des listings<\/li>\n<li>R\u00e9diger\u00a0les synth\u00e8ses d\u2019assembl\u00e9es de conseil d\u2019administration<\/li>\n<li>Accomplir\u00a0toute autre t\u00e2che connexe demand\u00e9e<\/li>\n<\/ul>\n<p><b><br clear=\"all\" \/><\/b><b>\u00a0<\/b>\u00a0<b>\u00a0<\/b>\u00a0<b>Comp\u00e9tences Recherch\u00e9es:<\/b>\u00a0<b>\u00a0<\/b><b><\/b>\u00a0<b>Parfaitement bilingue:<\/b>\u00a0Fran\u00e7ais et Anglais (Oral et \u00e9crit)<b><\/b>\u00a0<b>Scolarit\u00e9(s) minimum:<\/b>\u00a0Dipl\u00f4me d\u2019\u00e9tude Coll\u00e9giale ou \u00e9quivalent\u00a0<b>Exp\u00e9rience(s):<\/b><\/p>\n<ul>\n<li>Exp\u00e9rience en secr\u00e9tariat \/ traduction est un atout<\/li>\n<li>Exp\u00e9rience en ventes et\/ou service \u00e0 la client\u00e8le est un atout<\/li>\n<li>Connaissance dans la location et l\u2019entretien d\u2019immeuble \u00e0 logements sera consid\u00e9r\u00e9e comme un atout<\/li>\n<li>Exp\u00e9rience en gestion immobili\u00e8re est un atout<\/li>\n<\/ul>\n<p><b>Aptitude(s) Informatique(s):<\/b><\/p>\n<ul>\n<li>Aisance pour op\u00e9rer un ordinateur personnel<\/li>\n<li>Excellente connaissance avec Word, Excel et Outlook<\/li>\n<\/ul>\n<p><b>Aptitude(s) Professionnelle(s):<\/b><\/p>\n<ul>\n<li>Professionnel, autodidacte et disciplin\u00e9<\/li>\n<li>Ponctualit\u00e9\u00a0et rigueur<\/li>\n<li>Esprit d\u2019\u00e9quipe<\/li>\n<li>Orient\u00e9 client<\/li>\n<li>Dynamique avec une attitude positive<\/li>\n<li>Fait preuve d\u2019entregent<\/li>\n<li>Capacit\u00e9 \u00e0 travailler sous pression<\/li>\n<li>Discr\u00e9tion et honn\u00eatet\u00e9<\/li>\n<\/ul>\n<p><b>Renseignement(s) Suppl\u00e9mentaire(s):<\/b><\/p>\n<ul>\n<li>\u00catre disponible, d\u00e9brouillard &amp; polyvalent<\/li>\n<li>Doit \u00eatre \u00e2g\u00e9 d\u2019au moins 18 ans<\/li>\n<li>Doit \u00eatre autoris\u00e9 de travailler au Canada<\/li>\n<\/ul>\n<p>[\/vc_column_text][\/vc_tta_section][vc_tta_section title=&#8221;Femme de menage&#8221; tab_id=&#8221;1517984963374-c4f6a7c6-1907&#8243;][vc_column_text]<b>Description du Poste a temps partiel:<\/b><b><\/b>\u00a0Le pr\u00e9pos\u00e9 \u00e0 l\u2019entretien m\u00e9nager est affect\u00e9 au nettoyage et au maintien de la propret\u00e9 des chambres et de l&#8217;\u00e9tablissement. Il voit \u00e0 diff\u00e9rentes t\u00e2ches reli\u00e9es \u00e0 l\u2019entretien telles que : balayer, essuyer, laver, cirer et astiquer les parquets, \u00e9pousseter les meubles, passer l\u2019aspirateur sur les tapis, faire les lits, changer les draps, laver les fen\u00eatres, murs et plafonds, etc.<strong>.<\/strong>\u00a0<strong>\u00a0<\/strong><strong>\u00a0Lieu de travail\u00a0<\/strong>: \u00a0\u00c0 d\u00e9terminer (Montr\u00e9al et environs, QC)\u00a0<strong>Nombre de poste(s) \u00e0 combler\u00a0<\/strong>: 2\u00a0<strong>Salaire\u00a0<\/strong>: 15$ \u00e0 18$\/ h selon exp\u00e9rience\u00a0<strong>Date d\u2019entr\u00e9e en fonction\u00a0<\/strong>: D\u00e8s que possible\u00a0<strong>Statut de l\u2019emploi\u00a0<\/strong>: Temporaire\u00a0<strong>Horaire de travail\u00a0<\/strong>: Sur appel (minimum 1 journ\u00e9e semaine)\u00a0<strong>Quart de travail\u00a0<\/strong>: Jour \u2013 Soir \u2013 Fin de semaine\u00a0<b>Responsabilit\u00e9s :<\/b><\/p>\n<ul>\n<li>Effectuer l\u2019entretien m\u00e9nager r\u00e9sidentiel ou commercial<\/li>\n<li>S\u2019assurer de la satisfaction des locataires et des propri\u00e9taires;<\/li>\n<li>Documenter l\u2019historique des contacts des clients potentiels (Tel, courriel, ..)<\/li>\n<li>Assister l\u2019inspection des appartements vacants et les pr\u00e9parer \u00e0 la location.<\/li>\n<\/ul>\n<p><b>Comp\u00e9tences Recherch\u00e9es:\u00a0<\/b><b><\/b><b>Langue:<\/b>\u00a0Fran\u00e7ais et Anglais (Connaissance de base)\u00a0<b>Scolarit\u00e9:<\/b>\u00a0Secondaire 5\u00a0<b>Certification(s):<\/b>\u00a0Doit d\u00e9tenir un permis de conduire valide au Qu\u00e9bec et d\u00e9tenir un bon dossier de conduite.\u00a0<b>Exp\u00e9rience:<\/b><\/p>\n<ul>\n<li>Connaissance dans l\u2019entretien d\u2019immeuble \u00e0 logements sera consid\u00e9r\u00e9 comme un atout.<\/li>\n<\/ul>\n<p><b>Aptitudes Professionnels:<\/b><\/p>\n<ul>\n<li>Service \u00e0 la client\u00e8le (entregent, souci de la qualit\u00e9 et de la satisfaction du client, etc.)<\/li>\n<li>Comportements professionnels (discr\u00e9tion, honn\u00eatet\u00e9, aptitudes pour le travail d\u2019\u00e9quipe, autonomie, polyvalence, sens de l\u2019initiative, sens de l\u2019organisation, etc.)<\/li>\n<li>Connaissance des produits d\u2019entretien m\u00e9nager<\/li>\n<li>Connaissance des techniques de nettoyage<\/li>\n<\/ul>\n<p><b>Renseignements Suppl\u00e9mentaires:<\/b><\/p>\n<ul>\n<li>Bonne forme physique (lever au moins 25 kilos)<\/li>\n<li>Doit \u00eatre \u00e2g\u00e9e d\u2019au moins 18 ans et doit \u00eatre autoris\u00e9 de travailler au Canada;<\/li>\n<li>Doit poss\u00e9der un v\u00e9hicule pour rencontrer les clients.<\/li>\n<\/ul>\n<p>[\/vc_column_text][\/vc_tta_section][\/vc_tta_accordion][\/vc_column][\/vc_row]<\/p>\n<\/div>","protected":false},"excerpt":{"rendered":"<p>[vc_row][vc_column][vc_tta_accordion][vc_tta_section title=&#8221;Secr\u00e9taire&#8221; tab_id=&#8221;1517984963354-ad4c5a77-9722&#8243;][vc_column_text]Description du Poste:\u00a0Lieu de travail\u00a0: 4485 Saint-Denis, Montr\u00e9al, QC\u00a0Nombre de poste(s) \u00e0 combler\u00a0: 1\u00a0Date d\u2019entr\u00e9e en fonction\u00a0: D\u00e8s que possible\u00a0Statut de l\u2019emploi\u00a0: Permanent\u00a0Horaire de travail\u00a0: Temps plein\u00a0Quart de travail\u00a0: Jour\u00a0Salaire :\u00a0A discuter\u00a0Vos Responsabilit\u00e9s : T\u00e2ches administratives pour 3 compagnies (l\u2019\u00e9quipe\u00a0de gestion immobili\u00e8re, \u00a0de courtage ainsi que les clients du centre d\u2019affaires R\u00e9daction,\u00a0traduction, v\u00e9rification [&hellip;]<\/p>\n","protected":false},"author":3,"featured_media":0,"parent":0,"menu_order":0,"comment_status":"closed","ping_status":"closed","template":"","meta":{"footnotes":""},"yst_prominent_words":[1688,201,1687,436,1681,1686,1675,1677,440,1685,1683,444,1678,1679,429,1680,1684,1676,183,1682],"_links":{"self":[{"href":"https:\/\/gestionroyal.com\/en\/wp-json\/wp\/v2\/pages\/3206"}],"collection":[{"href":"https:\/\/gestionroyal.com\/en\/wp-json\/wp\/v2\/pages"}],"about":[{"href":"https:\/\/gestionroyal.com\/en\/wp-json\/wp\/v2\/types\/page"}],"author":[{"embeddable":true,"href":"https:\/\/gestionroyal.com\/en\/wp-json\/wp\/v2\/users\/3"}],"replies":[{"embeddable":true,"href":"https:\/\/gestionroyal.com\/en\/wp-json\/wp\/v2\/comments?post=3206"}],"version-history":[{"count":3,"href":"https:\/\/gestionroyal.com\/en\/wp-json\/wp\/v2\/pages\/3206\/revisions"}],"predecessor-version":[{"id":7497,"href":"https:\/\/gestionroyal.com\/en\/wp-json\/wp\/v2\/pages\/3206\/revisions\/7497"}],"wp:attachment":[{"href":"https:\/\/gestionroyal.com\/en\/wp-json\/wp\/v2\/media?parent=3206"}],"wp:term":[{"taxonomy":"yst_prominent_words","embeddable":true,"href":"https:\/\/gestionroyal.com\/en\/wp-json\/wp\/v2\/yst_prominent_words?post=3206"}],"curies":[{"name":"wp","href":"https:\/\/api.w.org\/{rel}","templated":true}]}}